{"id":1230,"date":"2018-09-26T07:27:00","date_gmt":"2018-09-26T07:27:00","guid":{"rendered":"https:\/\/www.zwarteknoflook.nl\/over-ons\/"},"modified":"2019-09-02T14:32:30","modified_gmt":"2019-09-02T14:32:30","slug":"ueber-uns","status":"publish","type":"page","link":"https:\/\/zwarteknoflook.nl\/de\/ueber-uns\/","title":{"rendered":"\u00dcber uns"},"content":{"rendered":"[vc_row type=&#8220;full_width_background&#8220; full_screen_row_position=&#8220;middle&#8220; equal_height=&#8220;yes&#8220; content_placement=&#8220;middle&#8220; bg_color=&#8220;rgba(200,200,200,0.49)&#8220; scene_position=&#8220;center&#8220; text_color=&#8220;dark&#8220; text_align=&#8220;left&#8220; top_padding=&#8220;10%&#8220; bottom_padding=&#8220;5%&#8220; overlay_strength=&#8220;0.3&#8243; shape_divider_position=&#8220;bottom&#8220; shape_type=&#8220;&#8220;][vc_column column_padding=&#8220;no-extra-padding&#8220; column_padding_position=&#8220;all&#8220; background_color_opacity=&#8220;1&#8243; background_hover_color_opacity=&#8220;1&#8243; column_link_target=&#8220;_self&#8220; column_shadow=&#8220;none&#8220; column_border_radius=&#8220;none&#8220; width=&#8220;1\/2&#8243; tablet_width_inherit=&#8220;default&#8220; tablet_text_alignment=&#8220;default&#8220; phone_text_alignment=&#8220;default&#8220; column_border_width=&#8220;none&#8220; column_border_style=&#8220;solid&#8220;][vc_column_text]\n<br class=\"xliff-newline\" \/><\/p>\n<h2>\u00dcber uns<\/h2>\n<p><br class=\"xliff-newline\" \/>Kuperus Foods wurde 2009 gegr\u00fcndet, als Anne Kuperus in der New York Times auf einen Artikel \u00fcber schwarzen Knoblauch gesto\u00dfen war. In diesem Artikel wurde \u00fcber dieses Produkt aus S\u00fcdkorea geschrieben, dass es sich um einen neuen Geschmack handelt, aber ohne den Geruch von Knoblauch. Weil er gerne kochte und schon immer im Handel t\u00e4tig war, beschloss er, ein Kilo in die Niederlande mitzunehmen.<br class=\"xliff-newline\" \/>Nachdem er es selbst ausprobiert hatte, nahm er es auch in die Restaurants in der N\u00e4he mit, wo die K\u00f6che ganz verr\u00fcckt waren nach dem Geschmack. Es kam, wie er sich das schon gedachte hatte und er beschloss, den schwarzen Knoblauch unter der Marke Kuperus Foods auf den Markt zu bringen.<br class=\"xliff-newline\" \/>Er besorgte sich eine Internetadresse und richtete eine Website ein. Au\u00dferdem kn\u00fcpfte er Kontakte zu Gro\u00dfh\u00e4ndlern.<br class=\"xliff-newline\" \/><br class=\"xliff-newline\" \/>So kam der Stein ins Rollen: Er fing mit Sterne-Restaurants an und dehnte seinen Handel auf andere Restaurants, Feinkostl\u00e4den und Superm\u00e4rkte aus.<br class=\"xliff-newline\" \/>Seinen alten Job hatte er die ganze Zeit behalten, bis er sich 2017 entschied, Kuperus Foods seine ganze Aufmerksamkeit zu widmen.<br class=\"xliff-newline\" \/>Mittlerweile wird schwarzer Knoblauch in viele L\u00e4nder exportiert: In Form von Knollen, als gesch\u00e4lte Zehen, P\u00fcree und Pulver. Dar\u00fcber hinaus wird es auch in der Industrie verwendet: Als Aroma in So\u00dfen, Marinaden und Kr\u00e4utermischungen.<br class=\"xliff-newline\" \/><br class=\"xliff-newline\" \/>Im Jahr 2018 wurde das GMP+Zertifikat verliehen, sodass das Pulver des schwarzen Knoblauchs unter dem Markennamen Sykulan auch an die Futtermittelindustrie geliefert werden kann.[\/vc_column_text][\/vc_column][vc_column column_padding=&#8220;no-extra-padding&#8220; column_padding_position=&#8220;all&#8220; background_color_opacity=&#8220;1&#8243; background_hover_color_opacity=&#8220;1&#8243; column_link_target=&#8220;_self&#8220; column_shadow=&#8220;none&#8220; column_border_radius=&#8220;none&#8220; width=&#8220;1\/2&#8243; tablet_width_inherit=&#8220;default&#8220; tablet_text_alignment=&#8220;default&#8220; phone_text_alignment=&#8220;default&#8220; column_border_width=&#8220;none&#8220; column_border_style=&#8220;solid&#8220; offset=&#8220;vc_hidden-xs&#8220;][image_with_animation image_url=&#8220;102&#8243; alignment=&#8220;&#8220; animation=&#8220;Fade In&#8220; border_radius=&#8220;none&#8220; box_shadow=&#8220;none&#8220; max_width=&#8220;125%&#8220; margin_right=&#8220;-15%&#8220;][\/vc_column][\/vc_row]\n","protected":false},"excerpt":{"rendered":"<p>[vc_row type=&#8220;full_width_background&#8220; full_screen_row_position=&#8220;middle&#8220; equal_height=&#8220;yes&#8220; content_placement=&#8220;middle&#8220; bg_color=&#8220;rgba(200,200,200,0.49)&#8220; scene_position=&#8220;center&#8220; text_color=&#8220;dark&#8220; text_align=&#8220;left&#8220; top_padding=&#8220;10%&#8220; bottom_padding=&#8220;5%&#8220; overlay_strength=&#8220;0.3&#8243; shape_divider_position=&#8220;bottom&#8220; shape_type=&#8220;&#8220;][vc_column column_padding=&#8220;no-extra-padding&#8220; column_padding_position=&#8220;all&#8220; background_color_opacity=&#8220;1&#8243; background_hover_color_opacity=&#8220;1&#8243; column_link_target=&#8220;_self&#8220; column_shadow=&#8220;none&#8220; column_border_radius=&#8220;none&#8220; width=&#8220;1\/2&#8243; tablet_width_inherit=&#8220;default&#8220; tablet_text_alignment=&#8220;default&#8220; phone_text_alignment=&#8220;default&#8220; column_border_width=&#8220;none&#8220; column_border_style=&#8220;solid&#8220;][vc_column_text] \u00dcber uns Kuperus&#8230;<\/p>\n","protected":false},"author":1,"featured_media":0,"parent":0,"menu_order":0,"comment_status":"closed","ping_status":"closed","template":"","meta":{"_monsterinsights_skip_tracking":false,"_monsterinsights_sitenote_active":false,"_monsterinsights_sitenote_note":"","_monsterinsights_sitenote_category":0,"footnotes":""},"class_list":["post-1230","page","type-page","status-publish"],"jetpack_sharing_enabled":true,"_links":{"self":[{"href":"https:\/\/zwarteknoflook.nl\/de\/wp-json\/wp\/v2\/pages\/1230","targetHints":{"allow":["GET"]}}],"collection":[{"href":"https:\/\/zwarteknoflook.nl\/de\/wp-json\/wp\/v2\/pages"}],"about":[{"href":"https:\/\/zwarteknoflook.nl\/de\/wp-json\/wp\/v2\/types\/page"}],"author":[{"embeddable":true,"href":"https:\/\/zwarteknoflook.nl\/de\/wp-json\/wp\/v2\/users\/1"}],"replies":[{"embeddable":true,"href":"https:\/\/zwarteknoflook.nl\/de\/wp-json\/wp\/v2\/comments?post=1230"}],"version-history":[{"count":3,"href":"https:\/\/zwarteknoflook.nl\/de\/wp-json\/wp\/v2\/pages\/1230\/revisions"}],"predecessor-version":[{"id":2870,"href":"https:\/\/zwarteknoflook.nl\/de\/wp-json\/wp\/v2\/pages\/1230\/revisions\/2870"}],"wp:attachment":[{"href":"https:\/\/zwarteknoflook.nl\/de\/wp-json\/wp\/v2\/media?parent=1230"}],"curies":[{"name":"wp","href":"https:\/\/api.w.org\/{rel}","templated":true}]}}