{"id":509,"date":"2018-09-25T11:34:02","date_gmt":"2018-09-25T11:34:02","guid":{"rendered":"http:\/\/kuperus.destaatvancreatie.nl\/home\/"},"modified":"2020-01-20T09:40:11","modified_gmt":"2020-01-20T09:40:11","slug":"home","status":"publish","type":"page","link":"https:\/\/zwarteknoflook.nl\/de\/","title":{"rendered":"Home"},"content":{"rendered":"[vc_row type=&#8220;full_width_background&#8220; full_screen_row_position=&#8220;middle&#8220; bg_image=&#8220;42&#8243; bg_position=&#8220;center bottom&#8220; bg_repeat=&#8220;no-repeat&#8220; scene_position=&#8220;center&#8220; text_color=&#8220;light&#8220; text_align=&#8220;left&#8220; overlay_strength=&#8220;0.3&#8243; shape_divider_position=&#8220;bottom&#8220; shape_type=&#8220;&#8220;][vc_column column_padding=&#8220;no-extra-padding&#8220; column_padding_position=&#8220;all&#8220; background_color_opacity=&#8220;1&#8243; background_hover_color_opacity=&#8220;1&#8243; font_color=&#8220;#ffffff&#8220; column_link_target=&#8220;_self&#8220; column_shadow=&#8220;none&#8220; column_border_radius=&#8220;none&#8220; top_margin=&#8220;25%&#8220; bottom_margin=&#8220;20%&#8220; width=&#8220;1\/2&#8243; tablet_width_inherit=&#8220;default&#8220; tablet_text_alignment=&#8220;default&#8220; phone_text_alignment=&#8220;default&#8220; column_border_width=&#8220;none&#8220; column_border_style=&#8220;solid&#8220;][vc_column_text]\n<h1>Schwarzer Knoblauch<\/h1>\n[\/vc_column_text][vc_column_text]\n<h3>Ohne den Geruch, aber mit umso mehr Geschmack<\/h3>\n[\/vc_column_text][divider line_type=&#8220;No Line&#8220; custom_height=&#8220;15px&#8220;][vc_column_text]<a class=\"nectar-button n-sc-button large see-through-2\"  href=\"\/over-ons\/\" data-color-override=\"#ec7622\"  data-hover-color-override=\"#ffffff\" data-hover-text-color-override=\"#ec7622\"><span>Entdecken Sie die ganze Geschichte<\/span><\/a>[\/vc_column_text][\/vc_column][vc_column column_padding=&#8220;no-extra-padding&#8220; column_padding_position=&#8220;all&#8220; background_color_opacity=&#8220;1&#8243; background_hover_color_opacity=&#8220;1&#8243; column_link_target=&#8220;_self&#8220; column_shadow=&#8220;none&#8220; column_border_radius=&#8220;none&#8220; el_class=&#8220;home-banner-afbeelding&#8220; width=&#8220;1\/2&#8243; tablet_width_inherit=&#8220;default&#8220; tablet_text_alignment=&#8220;default&#8220; phone_text_alignment=&#8220;default&#8220; column_border_width=&#8220;none&#8220; column_border_style=&#8220;solid&#8220;][image_with_animation image_url=&#8220;48&#8243; alignment=&#8220;right&#8220; animation=&#8220;Fade In&#8220; border_radius=&#8220;none&#8220; box_shadow=&#8220;none&#8220; max_width=&#8220;125%&#8220; el_class=&#8220;element-parralax-header&#8220;][\/vc_column][\/vc_row][vc_row type=&#8220;full_width_background&#8220; full_screen_row_position=&#8220;middle&#8220; equal_height=&#8220;yes&#8220; content_placement=&#8220;middle&#8220; scene_position=&#8220;center&#8220; text_color=&#8220;dark&#8220; text_align=&#8220;left&#8220; bottom_padding=&#8220;2%&#8220; class=&#8220;home-unieke-smaak&#8220; overlay_strength=&#8220;0.3&#8243; shape_divider_position=&#8220;bottom&#8220; shape_type=&#8220;&#8220;][vc_column column_padding=&#8220;no-extra-padding&#8220; column_padding_position=&#8220;all&#8220; background_color_opacity=&#8220;1&#8243; background_hover_color_opacity=&#8220;1&#8243; column_link_target=&#8220;_self&#8220; column_shadow=&#8220;none&#8220; column_border_radius=&#8220;none&#8220; width=&#8220;1\/2&#8243; tablet_width_inherit=&#8220;default&#8220; tablet_text_alignment=&#8220;default&#8220; phone_text_alignment=&#8220;default&#8220; column_border_width=&#8220;none&#8220; column_border_style=&#8220;solid&#8220;][image_with_animation image_url=&#8220;19&#8243; alignment=&#8220;&#8220; animation=&#8220;Fade In&#8220; border_radius=&#8220;none&#8220; box_shadow=&#8220;none&#8220; max_width=&#8220;100%&#8220; el_class=&#8220;element-parralax-inleiding&#8220; margin_top=&#8220;50px&#8220;][\/vc_column][vc_column column_padding=&#8220;no-extra-padding&#8220; column_padding_position=&#8220;all&#8220; background_color_opacity=&#8220;1&#8243; background_hover_color_opacity=&#8220;1&#8243; column_link_target=&#8220;_self&#8220; column_shadow=&#8220;none&#8220; column_border_radius=&#8220;none&#8220; width=&#8220;1\/2&#8243; tablet_width_inherit=&#8220;default&#8220; tablet_text_alignment=&#8220;default&#8220; phone_text_alignment=&#8220;default&#8220; column_border_width=&#8220;none&#8220; column_border_style=&#8220;solid&#8220;][vc_column_text]\n<h2>Einzigartiger Geschmack<\/h2>\n<p>Mit seinem einzigartigen und zartem Geschmack, seiner weichen und cremigen Textur und seinen leuchtenden Farben ist der schwarze Knoblauch inspirierend und bringt einen neuen Geschmack auf den Tisch. Nicht zu verwechseln mit gew\u00f6hnlichem Knoblauch, besticht der schwarze Knoblauch durch subtile Noten von Soja, Balsamico und Rosinen, in ausgewogener Mischung mit dem w\u00fcrzigen Geschmack des Knoblauchs: Das alles macht schwarzen Knoblauch zu einer k\u00f6stlichen Delikatesse![\/vc_column_text][divider line_type=&#8220;No Line&#8220; custom_height=&#8220;10px&#8220;][vc_column_text]<a class=\"nectar-button n-sc-button large see-through-2\"  href=\"\/Recepten\/\" data-color-override=\"#ec7622\"  data-hover-color-override=\"#ffffff\" data-hover-text-color-override=\"#ec7622\"><span>Entdecken Sie k\u00f6stliche Rezepte<\/span><\/a>[\/vc_column_text][divider line_type=&#8220;No Line&#8220; custom_height=&#8220;50px&#8220;][\/vc_column][\/vc_row][vc_row type=&#8220;in_container&#8220; full_screen_row_position=&#8220;middle&#8220; equal_height=&#8220;yes&#8220; content_placement=&#8220;middle&#8220; scene_position=&#8220;center&#8220; text_color=&#8220;dark&#8220; text_align=&#8220;left&#8220; top_padding=&#8220;4%&#8220; overlay_strength=&#8220;0.3&#8243; shape_divider_position=&#8220;bottom&#8220; shape_type=&#8220;&#8220;][vc_column column_padding=&#8220;no-extra-padding&#8220; column_padding_position=&#8220;all&#8220; background_color_opacity=&#8220;1&#8243; background_hover_color_opacity=&#8220;1&#8243; column_link_target=&#8220;_self&#8220; column_shadow=&#8220;none&#8220; column_border_radius=&#8220;none&#8220; width=&#8220;1\/3&#8243; tablet_width_inherit=&#8220;default&#8220; tablet_text_alignment=&#8220;default&#8220; phone_text_alignment=&#8220;default&#8220; column_border_width=&#8220;none&#8220; column_border_style=&#8220;solid&#8220;][vc_column_text]\n<h2>Unsere Produkte<\/h2>\n<p>Eine Auswahl aus unserem Sortiment[\/vc_column_text][divider line_type=&#8220;No Line&#8220; custom_height=&#8220;10px&#8220;][vc_column_text]<a href=\"https:\/\/zwarteknoflook.nl\/de\/producten\/\"><a class=\"nectar-button n-sc-button large see-through-2\"  href=\"\/producten\/\" data-color-override=\"#ec7622\"  data-hover-color-override=\"#ffffff\" data-hover-text-color-override=\"#ec7622\"><span>Sehen Sie sich das gesamte Sortiment an<\/span><\/a><\/a>[\/vc_column_text][\/vc_column][vc_column column_padding=&#8220;no-extra-padding&#8220; column_padding_position=&#8220;all&#8220; background_color_opacity=&#8220;1&#8243; background_hover_color_opacity=&#8220;1&#8243; column_link_target=&#8220;_self&#8220; column_shadow=&#8220;none&#8220; column_border_radius=&#8220;none&#8220; width=&#8220;2\/3&#8243; tablet_width_inherit=&#8220;default&#8220; tablet_text_alignment=&#8220;default&#8220; phone_text_alignment=&#8220;default&#8220; column_border_width=&#8220;none&#8220; column_border_style=&#8220;solid&#8220;][image_with_animation image_url=&#8220;62&#8243; alignment=&#8220;center&#8220; animation=&#8220;Fade In From Right&#8220; border_radius=&#8220;none&#8220; box_shadow=&#8220;none&#8220; max_width=&#8220;100%&#8220; el_class=&#8220;element-parralax-content&#8220;][\/vc_column][\/vc_row][vc_row type=&#8220;full_width_background&#8220; full_screen_row_position=&#8220;middle&#8220; equal_height=&#8220;yes&#8220; content_placement=&#8220;middle&#8220; bg_color=&#8220;rgba(200,200,200,0.49)&#8220; scene_position=&#8220;center&#8220; text_color=&#8220;dark&#8220; text_align=&#8220;left&#8220; top_padding=&#8220;10%&#8220; bottom_padding=&#8220;5%&#8220; overlay_strength=&#8220;0.3&#8243; shape_divider_position=&#8220;bottom&#8220; shape_type=&#8220;&#8220;][vc_column column_padding=&#8220;no-extra-padding&#8220; column_padding_position=&#8220;all&#8220; background_color_opacity=&#8220;1&#8243; background_hover_color_opacity=&#8220;1&#8243; column_link_target=&#8220;_self&#8220; column_shadow=&#8220;none&#8220; column_border_radius=&#8220;none&#8220; width=&#8220;1\/2&#8243; tablet_width_inherit=&#8220;default&#8220; tablet_text_alignment=&#8220;default&#8220; phone_text_alignment=&#8220;default&#8220; column_border_width=&#8220;none&#8220; column_border_style=&#8220;solid&#8220;][vc_column_text]\n<h2>100% Nat\u00fcrliche Inhaltsstoffe<\/h2>\n<p>Schwarzer Knoblauch wird durch Fermentierung der wei\u00dfen Standard-Knoblauchknolle in einem sorgf\u00e4ltig kontrollierten Erw\u00e4rmungsprozess in einigen Wochen hergestellt. Die im Knoblauch enthaltenen Zucker und Aminos\u00e4uren reagieren und produzieren gemeinsam Melanoidin &#8211; das f\u00fcr die satte schwarze Farbe verantwortlich ist. Forschungen haben gezeigt, dass die Menge der Antioxidantien durch diesen Prozess fast verdoppelt wird, daher k\u00f6nnen wir mit Recht behaupten, dass der schwarze Knoblauch das nat\u00fcrliche Abwehrsystem der K\u00f6rperzellen noch mehr unterst\u00fctzt als der wei\u00dfe Knoblauch.[\/vc_column_text][\/vc_column][vc_column column_padding=&#8220;no-extra-padding&#8220; column_padding_position=&#8220;all&#8220; background_color_opacity=&#8220;1&#8243; background_hover_color_opacity=&#8220;1&#8243; column_link_target=&#8220;_self&#8220; column_shadow=&#8220;none&#8220; column_border_radius=&#8220;none&#8220; width=&#8220;1\/2&#8243; tablet_width_inherit=&#8220;default&#8220; tablet_text_alignment=&#8220;default&#8220; phone_text_alignment=&#8220;default&#8220; column_border_width=&#8220;none&#8220; column_border_style=&#8220;solid&#8220; offset=&#8220;vc_hidden-xs&#8220;][image_with_animation image_url=&#8220;102&#8243; alignment=&#8220;&#8220; animation=&#8220;Fade In&#8220; border_radius=&#8220;none&#8220; box_shadow=&#8220;none&#8220; max_width=&#8220;125%&#8220; margin_right=&#8220;-15%&#8220;][\/vc_column][\/vc_row][vc_row type=&#8220;full_width_background&#8220; full_screen_row_position=&#8220;middle&#8220; equal_height=&#8220;yes&#8220; content_placement=&#8220;middle&#8220; bg_color=&#8220;rgba(200,200,200,0.49)&#8220; scene_position=&#8220;center&#8220; text_color=&#8220;dark&#8220; text_align=&#8220;left&#8220; top_padding=&#8220;5%&#8220; bottom_padding=&#8220;10%&#8220; overlay_strength=&#8220;0.3&#8243; shape_divider_position=&#8220;bottom&#8220; shape_type=&#8220;&#8220;][vc_column column_padding=&#8220;no-extra-padding&#8220; column_padding_position=&#8220;all&#8220; background_color_opacity=&#8220;1&#8243; background_hover_color_opacity=&#8220;1&#8243; column_link_target=&#8220;_self&#8220; column_shadow=&#8220;none&#8220; column_border_radius=&#8220;none&#8220; width=&#8220;1\/2&#8243; tablet_width_inherit=&#8220;default&#8220; tablet_text_alignment=&#8220;default&#8220; phone_text_alignment=&#8220;default&#8220; column_border_width=&#8220;none&#8220; column_border_style=&#8220;solid&#8220; offset=&#8220;vc_hidden-xs&#8220;][image_with_animation image_url=&#8220;745&#8243; alignment=&#8220;&#8220; animation=&#8220;Fade In&#8220; border_radius=&#8220;none&#8220; box_shadow=&#8220;none&#8220; max_width=&#8220;150%&#8220; margin_left=&#8220;-20%&#8220;][\/vc_column][vc_column column_padding=&#8220;no-extra-padding&#8220; column_padding_position=&#8220;all&#8220; background_color_opacity=&#8220;1&#8243; background_hover_color_opacity=&#8220;1&#8243; column_link_target=&#8220;_self&#8220; column_shadow=&#8220;none&#8220; column_border_radius=&#8220;none&#8220; width=&#8220;1\/2&#8243; tablet_width_inherit=&#8220;default&#8220; tablet_text_alignment=&#8220;default&#8220; phone_text_alignment=&#8220;default&#8220; column_border_width=&#8220;none&#8220; column_border_style=&#8220;solid&#8220;][vc_column_text]\n<h2>Gesundheit<\/h2>\n<p>Antioxidanten sind im K\u00f6rper nicht nur f\u00fcr eine gute Funktion unseres Immunsystems unverzichtbar, sondern auch f\u00fcr die Vorbeugung und Reparatur von Sch\u00e4den an unseren K\u00f6rperzellen.\u00a0Antioxidantien sind bestimmte Vitamine, Mineralien und andere N\u00e4hrstoffe. Sie sind f\u00fcr unsere Gesundheit sehr wichtig, denn sie verhindern wirksam, dass freie Radikale unseren K\u00f6rper sch\u00e4digen. Freie Radikale sind aggressive Molek\u00fcle, die bei Oxidationsprozessen in unserem K\u00f6rper entstehen. Diese freien Radikale sind nicht in jeder Hinsicht schlecht: Sie machen auch Eindringlinge wie Bakterien unsch\u00e4dlich und sind daher unverzichtbar. Antioxidantien sind ein Sammelbegriff, ebenso wie &#8222;Medikamente&#8220; ein Sammelbegriff ist: Jedes Antioxidans hat seine eigene spezifische Wirkung.<br class=\"xliff-newline\" \/><br class=\"xliff-newline\" \/>Schwarzer Knoblauch enth\u00e4lt 198 Einheiten Antioxidantien pro Gramm, gegen\u00fcber 119 Einheiten pro Gramm in normalem Knoblauch.[\/vc_column_text][divider line_type=&#8220;No Line&#8220; custom_height=&#8220;10px&#8220;][vc_column_text]<a class=\"nectar-button n-sc-button large see-through-2\"  href=\"\/gezondheid\" data-color-override=\"#ec7622\"  data-hover-color-override=\"#ffffff\" data-hover-text-color-override=\"#ec7622\"><span>Weiterlesen<\/span><\/a>[\/vc_column_text][\/vc_column][\/vc_row]\n","protected":false},"excerpt":{"rendered":"<p>[vc_row type=&#8220;full_width_background&#8220; full_screen_row_position=&#8220;middle&#8220; bg_image=&#8220;42&#8243; bg_position=&#8220;center bottom&#8220; bg_repeat=&#8220;no-repeat&#8220; scene_position=&#8220;center&#8220; text_color=&#8220;light&#8220; text_align=&#8220;left&#8220; overlay_strength=&#8220;0.3&#8243; shape_divider_position=&#8220;bottom&#8220; shape_type=&#8220;&#8220;][vc_column column_padding=&#8220;no-extra-padding&#8220; column_padding_position=&#8220;all&#8220; background_color_opacity=&#8220;1&#8243; background_hover_color_opacity=&#8220;1&#8243; font_color=&#8220;#ffffff&#8220; column_link_target=&#8220;_self&#8220; column_shadow=&#8220;none&#8220; column_border_radius=&#8220;none&#8220; top_margin=&#8220;25%&#8220; bottom_margin=&#8220;20%&#8220; width=&#8220;1\/2&#8243; tablet_width_inherit=&#8220;default&#8220; tablet_text_alignment=&#8220;default&#8220; phone_text_alignment=&#8220;default&#8220; column_border_width=&#8220;none&#8220; column_border_style=&#8220;solid&#8220;][vc_column_text] Schwarzer&#8230;<\/p>\n","protected":false},"author":1,"featured_media":0,"parent":0,"menu_order":0,"comment_status":"closed","ping_status":"closed","template":"","meta":{"_monsterinsights_skip_tracking":false,"_monsterinsights_sitenote_active":false,"_monsterinsights_sitenote_note":"","_monsterinsights_sitenote_category":0,"footnotes":""},"class_list":["post-509","page","type-page","status-publish"],"jetpack_sharing_enabled":true,"_links":{"self":[{"href":"https:\/\/zwarteknoflook.nl\/de\/wp-json\/wp\/v2\/pages\/509","targetHints":{"allow":["GET"]}}],"collection":[{"href":"https:\/\/zwarteknoflook.nl\/de\/wp-json\/wp\/v2\/pages"}],"about":[{"href":"https:\/\/zwarteknoflook.nl\/de\/wp-json\/wp\/v2\/types\/page"}],"author":[{"embeddable":true,"href":"https:\/\/zwarteknoflook.nl\/de\/wp-json\/wp\/v2\/users\/1"}],"replies":[{"embeddable":true,"href":"https:\/\/zwarteknoflook.nl\/de\/wp-json\/wp\/v2\/comments?post=509"}],"version-history":[{"count":3,"href":"https:\/\/zwarteknoflook.nl\/de\/wp-json\/wp\/v2\/pages\/509\/revisions"}],"predecessor-version":[{"id":3544,"href":"https:\/\/zwarteknoflook.nl\/de\/wp-json\/wp\/v2\/pages\/509\/revisions\/3544"}],"wp:attachment":[{"href":"https:\/\/zwarteknoflook.nl\/de\/wp-json\/wp\/v2\/media?parent=509"}],"curies":[{"name":"wp","href":"https:\/\/api.w.org\/{rel}","templated":true}]}}