{"id":1231,"date":"2018-09-26T07:27:00","date_gmt":"2018-09-26T07:27:00","guid":{"rendered":"https:\/\/www.zwarteknoflook.nl\/over-ons\/"},"modified":"2019-11-20T13:46:33","modified_gmt":"2019-11-20T13:46:33","slug":"over-ons","status":"publish","type":"page","link":"https:\/\/zwarteknoflook.nl\/fr\/over-ons\/","title":{"rendered":"Qui sommes-nous"},"content":{"rendered":"[vc_row type=\u00a0\u00bbfull_width_background\u00a0\u00bb full_screen_row_position=\u00a0\u00bbmiddle\u00a0\u00bb equal_height=\u00a0\u00bbyes\u00a0\u00bb content_placement=\u00a0\u00bbmiddle\u00a0\u00bb bg_color=\u00a0\u00bbrgba(200,200,200,0.49)\u00a0\u00bb scene_position=\u00a0\u00bbcenter\u00a0\u00bb text_color=\u00a0\u00bbdark\u00a0\u00bb text_align=\u00a0\u00bbleft\u00a0\u00bb top_padding=\u00a0\u00bb10%\u00a0\u00bb bottom_padding=\u00a0\u00bb5%\u00a0\u00bb overlay_strength=\u00a0\u00bb0.3&Prime; shape_divider_position=\u00a0\u00bbbottom\u00a0\u00bb shape_type=\u00a0\u00bb\u00a0\u00bb][vc_column column_padding=\u00a0\u00bbno-extra-padding\u00a0\u00bb column_padding_position=\u00a0\u00bball\u00a0\u00bb background_color_opacity=\u00a0\u00bb1&Prime; background_hover_color_opacity=\u00a0\u00bb1&Prime; column_link_target=\u00a0\u00bb_self\u00a0\u00bb column_shadow=\u00a0\u00bbnone\u00a0\u00bb column_border_radius=\u00a0\u00bbnone\u00a0\u00bb width=\u00a0\u00bb1\/2&Prime; tablet_width_inherit=\u00a0\u00bbdefault\u00a0\u00bb tablet_text_alignment=\u00a0\u00bbdefault\u00a0\u00bb phone_text_alignment=\u00a0\u00bbdefault\u00a0\u00bb column_border_width=\u00a0\u00bbnone\u00a0\u00bb column_border_style=\u00a0\u00bbsolid\u00a0\u00bb][vc_column_text]\n<h2>Qui sommes-nous<\/h2>\n<p><br class=\"xliff-newline\" \/>Kuperus Foods est n\u00e9 en 2009 lorsqu&rsquo;Anne Kuperus a lu un article sur l&rsquo;ail noir dans le New York Times. Celui-ci mentionnait le produit de Cor\u00e9e du Sud et sa nouvelle saveur sans odeur d&rsquo;ail. Comme il adorait cuisiner et qu&rsquo;il a toujours \u00e9t\u00e9 actif dans le commerce, il prend alors la d\u00e9cision d&rsquo;importer un kilo vers les Pays-Bas.<br class=\"xliff-newline\" \/>Apr\u00e8s avoir go\u00fbt\u00e9 l&rsquo;ail noir, il va faire le tour des restaurants du coin et il parvient \u00e0 enthousiasmer les chefs cuisiniers du go\u00fbt typique. Ce qu&rsquo;il pensait s&rsquo;est confirm\u00e9 et il d\u00e9cide de continuer l&rsquo;importation de l&rsquo;ail noir sous le nom de Kuperus Foods.<br class=\"xliff-newline\" \/>Une adresse Internet et un site Internet sont acquis et les contacts avec la distribution sont d\u00e9velopp\u00e9s.<br class=\"xliff-newline\" \/><br class=\"xliff-newline\" \/>. La machine se met tout doucement en marche. Des restaurants \u00e9toil\u00e9s, les contacts se d\u00e9veloppent vers d&rsquo;autres restaurants, \u00e9piceries fines et supermarch\u00e9s.<br class=\"xliff-newline\" \/>Anne a toujours maintenu son autre emploi jusqu&rsquo;\u00e0 ce qu&rsquo;il d\u00e9cide en 2017 de s&rsquo;orienter \u00e0 100% sur Kuperus Foods.<br class=\"xliff-newline\" \/>Entre-temps, l&rsquo;ail noir est export\u00e9 vers de nombreux pays sous forme de t\u00eate d&rsquo;ail, de gousses pel\u00e9es, de pur\u00e9e et de poudre, mais l&rsquo;industrie l&rsquo;utilise \u00e9galement comme assaisonnement dans des sauces, marinades et m\u00e9langes d&rsquo;\u00e9pices.<br class=\"xliff-newline\" \/><br class=\"xliff-newline\" \/>Il obtient le certificat GMP+ en 2018, ce qui lui permet d&rsquo;\u00e9galement fournir de la poudre d&rsquo;ail noir pour l&rsquo;alimentation animale, sous le nom de marque Sykulan.[\/vc_column_text][\/vc_column][vc_column column_padding=\u00a0\u00bbno-extra-padding\u00a0\u00bb column_padding_position=\u00a0\u00bball\u00a0\u00bb background_color_opacity=\u00a0\u00bb1&Prime; background_hover_color_opacity=\u00a0\u00bb1&Prime; column_link_target=\u00a0\u00bb_self\u00a0\u00bb column_shadow=\u00a0\u00bbnone\u00a0\u00bb column_border_radius=\u00a0\u00bbnone\u00a0\u00bb width=\u00a0\u00bb1\/2&Prime; tablet_width_inherit=\u00a0\u00bbdefault\u00a0\u00bb tablet_text_alignment=\u00a0\u00bbdefault\u00a0\u00bb phone_text_alignment=\u00a0\u00bbdefault\u00a0\u00bb column_border_width=\u00a0\u00bbnone\u00a0\u00bb column_border_style=\u00a0\u00bbsolid\u00a0\u00bb offset=\u00a0\u00bbvc_hidden-xs\u00a0\u00bb][image_with_animation image_url=\u00a0\u00bb102&Prime; alignment=\u00a0\u00bb\u00a0\u00bb animation=\u00a0\u00bbFade In\u00a0\u00bb border_radius=\u00a0\u00bbnone\u00a0\u00bb box_shadow=\u00a0\u00bbnone\u00a0\u00bb max_width=\u00a0\u00bb125%\u00a0\u00bb margin_right=\u00a0\u00bb-15%\u00a0\u00bb][\/vc_column][\/vc_row]\n","protected":false},"excerpt":{"rendered":"<p>[vc_row type=\u00a0\u00bbfull_width_background\u00a0\u00bb full_screen_row_position=\u00a0\u00bbmiddle\u00a0\u00bb equal_height=\u00a0\u00bbyes\u00a0\u00bb content_placement=\u00a0\u00bbmiddle\u00a0\u00bb bg_color=\u00a0\u00bbrgba(200,200,200,0.49)\u00a0\u00bb scene_position=\u00a0\u00bbcenter\u00a0\u00bb text_color=\u00a0\u00bbdark\u00a0\u00bb text_align=\u00a0\u00bbleft\u00a0\u00bb top_padding=\u00a0\u00bb10%\u00a0\u00bb bottom_padding=\u00a0\u00bb5%\u00a0\u00bb overlay_strength=\u00a0\u00bb0.3&Prime; shape_divider_position=\u00a0\u00bbbottom\u00a0\u00bb shape_type=\u00a0\u00bb\u00a0\u00bb][vc_column column_padding=\u00a0\u00bbno-extra-padding\u00a0\u00bb column_padding_position=\u00a0\u00bball\u00a0\u00bb background_color_opacity=\u00a0\u00bb1&Prime; background_hover_color_opacity=\u00a0\u00bb1&Prime; column_link_target=\u00a0\u00bb_self\u00a0\u00bb column_shadow=\u00a0\u00bbnone\u00a0\u00bb column_border_radius=\u00a0\u00bbnone\u00a0\u00bb width=\u00a0\u00bb1\/2&Prime; tablet_width_inherit=\u00a0\u00bbdefault\u00a0\u00bb tablet_text_alignment=\u00a0\u00bbdefault\u00a0\u00bb phone_text_alignment=\u00a0\u00bbdefault\u00a0\u00bb column_border_width=\u00a0\u00bbnone\u00a0\u00bb column_border_style=\u00a0\u00bbsolid\u00a0\u00bb][vc_column_text] Qui sommes-nous Kuperus&#8230;<\/p>\n","protected":false},"author":1,"featured_media":0,"parent":0,"menu_order":0,"comment_status":"closed","ping_status":"closed","template":"","meta":{"_monsterinsights_skip_tracking":false,"_monsterinsights_sitenote_active":false,"_monsterinsights_sitenote_note":"","_monsterinsights_sitenote_category":0,"footnotes":""},"class_list":["post-1231","page","type-page","status-publish"],"jetpack_sharing_enabled":true,"_links":{"self":[{"href":"https:\/\/zwarteknoflook.nl\/fr\/wp-json\/wp\/v2\/pages\/1231","targetHints":{"allow":["GET"]}}],"collection":[{"href":"https:\/\/zwarteknoflook.nl\/fr\/wp-json\/wp\/v2\/pages"}],"about":[{"href":"https:\/\/zwarteknoflook.nl\/fr\/wp-json\/wp\/v2\/types\/page"}],"author":[{"embeddable":true,"href":"https:\/\/zwarteknoflook.nl\/fr\/wp-json\/wp\/v2\/users\/1"}],"replies":[{"embeddable":true,"href":"https:\/\/zwarteknoflook.nl\/fr\/wp-json\/wp\/v2\/comments?post=1231"}],"version-history":[{"count":3,"href":"https:\/\/zwarteknoflook.nl\/fr\/wp-json\/wp\/v2\/pages\/1231\/revisions"}],"predecessor-version":[{"id":3230,"href":"https:\/\/zwarteknoflook.nl\/fr\/wp-json\/wp\/v2\/pages\/1231\/revisions\/3230"}],"wp:attachment":[{"href":"https:\/\/zwarteknoflook.nl\/fr\/wp-json\/wp\/v2\/media?parent=1231"}],"curies":[{"name":"wp","href":"https:\/\/api.w.org\/{rel}","templated":true}]}}