{"id":782,"date":"2018-10-03T12:03:34","date_gmt":"2018-10-03T12:03:34","guid":{"rendered":"https:\/\/www.zwarteknoflook.nl\/gezondheid\/"},"modified":"2019-11-20T13:54:13","modified_gmt":"2019-11-20T13:54:13","slug":"gezondheid","status":"publish","type":"page","link":"https:\/\/zwarteknoflook.nl\/fr\/gezondheid\/","title":{"rendered":"Sant\u00e9"},"content":{"rendered":"[vc_row type=\u00a0\u00bbin_container\u00a0\u00bb full_screen_row_position=\u00a0\u00bbmiddle\u00a0\u00bb scene_position=\u00a0\u00bbcenter\u00a0\u00bb text_color=\u00a0\u00bbdark\u00a0\u00bb text_align=\u00a0\u00bbleft\u00a0\u00bb overlay_strength=\u00a0\u00bb0.3&Prime; shape_divider_position=\u00a0\u00bbbottom\u00a0\u00bb][vc_column column_padding=\u00a0\u00bbno-extra-padding\u00a0\u00bb column_padding_position=\u00a0\u00bball\u00a0\u00bb background_color_opacity=\u00a0\u00bb1&Prime; background_hover_color_opacity=\u00a0\u00bb1&Prime; column_link_target=\u00a0\u00bb_self\u00a0\u00bb column_shadow=\u00a0\u00bbnone\u00a0\u00bb column_border_radius=\u00a0\u00bbnone\u00a0\u00bb width=\u00a0\u00bb1\/2&Prime; tablet_width_inherit=\u00a0\u00bbdefault\u00a0\u00bb tablet_text_alignment=\u00a0\u00bbdefault\u00a0\u00bb phone_text_alignment=\u00a0\u00bbdefault\u00a0\u00bb column_border_width=\u00a0\u00bbnone\u00a0\u00bb column_border_style=\u00a0\u00bbsolid\u00a0\u00bb][image_with_animation image_url=\u00a0\u00bb745&Prime; alignment=\u00a0\u00bb\u00a0\u00bb animation=\u00a0\u00bbFade In\u00a0\u00bb border_radius=\u00a0\u00bbnone\u00a0\u00bb box_shadow=\u00a0\u00bbnone\u00a0\u00bb max_width=\u00a0\u00bb100%\u00a0\u00bb][\/vc_column][vc_column column_padding=\u00a0\u00bbno-extra-padding\u00a0\u00bb column_padding_position=\u00a0\u00bball\u00a0\u00bb background_color_opacity=\u00a0\u00bb1&Prime; background_hover_color_opacity=\u00a0\u00bb1&Prime; column_link_target=\u00a0\u00bb_self\u00a0\u00bb column_shadow=\u00a0\u00bbnone\u00a0\u00bb column_border_radius=\u00a0\u00bbnone\u00a0\u00bb width=\u00a0\u00bb1\/2&Prime; tablet_width_inherit=\u00a0\u00bbdefault\u00a0\u00bb tablet_text_alignment=\u00a0\u00bbdefault\u00a0\u00bb phone_text_alignment=\u00a0\u00bbdefault\u00a0\u00bb column_border_width=\u00a0\u00bbnone\u00a0\u00bb column_border_style=\u00a0\u00bbsolid\u00a0\u00bb][vc_column_text]\n<h2>Avantages pour la sant\u00e9<\/h2>\n<p><br class=\"xliff-newline\" \/>L&rsquo;ail noir a \u00e9t\u00e9 utilis\u00e9 et produit pour la premi\u00e8re fois en Cor\u00e9e du Sud comme alimentation saine. Il d\u00e9tient presque deux fois plus d&rsquo;antioxydants que son pendant r\u00e9gulier. L&rsquo;air noir a une faible teneur en graisses, est riche en sucres naturels et acides amin\u00e9s et ne contient absolument pas d&rsquo;additifs, tout comme la promesse de ne pas laisser de traces d&rsquo;odeur ou de mauvaise haleine !<\/p>\n<h2>Antioxydants<\/h2>\n<p><br class=\"xliff-newline\" \/>Les antioxydants sont essentiels dans le corps pour permettre un bon fonctionnement du syst\u00e8me immunitaire, mais \u00e9galement pour pr\u00e9venir et r\u00e9parer les dommages \u00e0 nos cellules de corps. L&rsquo;ail noir contient 198 unit\u00e9s par gramme d&rsquo;antioxydants par rapport \u00e0 119 unit\u00e9s par gramme dans l&rsquo;ail r\u00e9gulier.<\/p>\n<h2>Facile \u00e0 dig\u00e9rer<\/h2>\n<p><br class=\"xliff-newline\" \/>Des recherches montrent que le corps dig\u00e8re plus facilement l&rsquo;ail noir que l&rsquo;ail blanc. L&rsquo;ail blanc contient essentiellement de l&rsquo;allicine, qui se dissout uniquement dans la graisse. L&rsquo;ail noir contient du S-allyl-cyst\u00e9ine, qui se dissout dans l&rsquo;eau. Cela signifie que votre corps absorbe plus facilement et plus rapidement les antioxydants. Par sa texture moelleuse et g\u00e9latineuse et sa saveur riche, l&rsquo;ail noir peut \u00eatre consomm\u00e9 comme un ingr\u00e9dient ou comme un en-cas sain.[\/vc_column_text][\/vc_column][\/vc_row]\n","protected":false},"excerpt":{"rendered":"<p>[vc_row type=\u00a0\u00bbin_container\u00a0\u00bb full_screen_row_position=\u00a0\u00bbmiddle\u00a0\u00bb scene_position=\u00a0\u00bbcenter\u00a0\u00bb text_color=\u00a0\u00bbdark\u00a0\u00bb text_align=\u00a0\u00bbleft\u00a0\u00bb overlay_strength=\u00a0\u00bb0.3&Prime; shape_divider_position=\u00a0\u00bbbottom\u00a0\u00bb][vc_column column_padding=\u00a0\u00bbno-extra-padding\u00a0\u00bb column_padding_position=\u00a0\u00bball\u00a0\u00bb background_color_opacity=\u00a0\u00bb1&Prime; background_hover_color_opacity=\u00a0\u00bb1&Prime; column_link_target=\u00a0\u00bb_self\u00a0\u00bb column_shadow=\u00a0\u00bbnone\u00a0\u00bb column_border_radius=\u00a0\u00bbnone\u00a0\u00bb width=\u00a0\u00bb1\/2&Prime; tablet_width_inherit=\u00a0\u00bbdefault\u00a0\u00bb tablet_text_alignment=\u00a0\u00bbdefault\u00a0\u00bb phone_text_alignment=\u00a0\u00bbdefault\u00a0\u00bb column_border_width=\u00a0\u00bbnone\u00a0\u00bb column_border_style=\u00a0\u00bbsolid\u00a0\u00bb][image_with_animation image_url=\u00a0\u00bb745&Prime; alignment=\u00a0\u00bb\u00a0\u00bb animation=\u00a0\u00bbFade In\u00a0\u00bb border_radius=\u00a0\u00bbnone\u00a0\u00bb box_shadow=\u00a0\u00bbnone\u00a0\u00bb max_width=\u00a0\u00bb100%\u00a0\u00bb][\/vc_column][vc_column column_padding=\u00a0\u00bbno-extra-padding\u00a0\u00bb column_padding_position=\u00a0\u00bball\u00a0\u00bb&#8230;<\/p>\n","protected":false},"author":1,"featured_media":0,"parent":0,"menu_order":0,"comment_status":"closed","ping_status":"closed","template":"","meta":{"_monsterinsights_skip_tracking":false,"_monsterinsights_sitenote_active":false,"_monsterinsights_sitenote_note":"","_monsterinsights_sitenote_category":0,"footnotes":""},"class_list":["post-782","page","type-page","status-publish"],"jetpack_sharing_enabled":true,"_links":{"self":[{"href":"https:\/\/zwarteknoflook.nl\/fr\/wp-json\/wp\/v2\/pages\/782","targetHints":{"allow":["GET"]}}],"collection":[{"href":"https:\/\/zwarteknoflook.nl\/fr\/wp-json\/wp\/v2\/pages"}],"about":[{"href":"https:\/\/zwarteknoflook.nl\/fr\/wp-json\/wp\/v2\/types\/page"}],"author":[{"embeddable":true,"href":"https:\/\/zwarteknoflook.nl\/fr\/wp-json\/wp\/v2\/users\/1"}],"replies":[{"embeddable":true,"href":"https:\/\/zwarteknoflook.nl\/fr\/wp-json\/wp\/v2\/comments?post=782"}],"version-history":[{"count":2,"href":"https:\/\/zwarteknoflook.nl\/fr\/wp-json\/wp\/v2\/pages\/782\/revisions"}],"predecessor-version":[{"id":3233,"href":"https:\/\/zwarteknoflook.nl\/fr\/wp-json\/wp\/v2\/pages\/782\/revisions\/3233"}],"wp:attachment":[{"href":"https:\/\/zwarteknoflook.nl\/fr\/wp-json\/wp\/v2\/media?parent=782"}],"curies":[{"name":"wp","href":"https:\/\/api.w.org\/{rel}","templated":true}]}}